{"id":18073,"date":"2024-08-26T13:41:24","date_gmt":"2024-08-26T11:41:24","guid":{"rendered":"https:\/\/abzlighting.com\/assistent_2\/"},"modified":"2024-11-07T12:25:07","modified_gmt":"2024-11-07T11:25:07","slug":"asistente","status":"publish","type":"page","link":"https:\/\/abzlighting.com\/es\/asistente\/","title":{"rendered":"Asistente"},"content":{"rendered":"\t\t<div data-elementor-type=\"wp-page\" data-elementor-id=\"18073\" class=\"elementor elementor-18073 elementor-18032\" data-elementor-post-type=\"page\">\n\t\t\t\t<div class=\"wd-negative-gap elementor-element elementor-element-2f26818 wd-section-stretch e-flex e-con-boxed e-con e-parent\" data-id=\"2f26818\" data-element_type=\"container\" data-settings=\"{&quot;background_background&quot;:&quot;slideshow&quot;,&quot;background_slideshow_gallery&quot;:[{&quot;id&quot;:16452,&quot;url&quot;:&quot;https:\\\/\\\/abzlighting.com\\\/wp-content\\\/uploads\\\/2024\\\/06\\\/Apartat-Assistent-home-02.png&quot;}],&quot;background_slideshow_loop&quot;:&quot;yes&quot;,&quot;background_slideshow_slide_duration&quot;:5000,&quot;background_slideshow_slide_transition&quot;:&quot;fade&quot;,&quot;background_slideshow_transition_duration&quot;:500}\">\n\t\t\t\t\t<div class=\"e-con-inner\">\n\t\t<div class=\"elementor-element elementor-element-78852a2 e-con-full e-flex e-con e-child\" data-id=\"78852a2\" data-element_type=\"container\">\n\t\t\t\t<div class=\"elementor-element elementor-element-0009539 elementor-widget__width-initial elementor-widget-tablet__width-inherit wd-width-100 elementor-widget elementor-widget-wd_title\" data-id=\"0009539\" data-element_type=\"widget\" data-widget_type=\"wd_title.default\">\n\t\t\t\t<div class=\"elementor-widget-container\">\n\t\t\t\t\t<div class=\"title-wrapper set-mb-s reset-last-child wd-title-color-primary wd-title-style-default wd-title-size-large text-left\">\n\n\t\t\t\n\t\t\t<div class=\"liner-continer\">\n\t\t\t\t<h4 class=\"woodmart-title-container title wd-fontsize-xxl\">\u00bfNecesitas ayuda para encontrar lo que buscas?<\/h4> \n\t\t\t\t\t\t\t<\/div>\n\n\t\t\t\t\t\t\t<div class=\"title-after_title set-cont-mb-s reset-last-child wd-fontsize-s\">\n\t\t\t\t\t<p>Nuestro Asistente es una herramienta interactiva dise\u00f1ada para ofrecerte orientaci\u00f3n y recomendaciones personalizadas para tus necesidades espec\u00edficas de iluminaci\u00f3n. Cu\u00e9ntanos qu\u00e9 necesitas respondiendo tres preguntas, y el asistente te mostrar\u00e1 proyectos que nos ayudar\u00e1n a definir mejor tus necesidades.<\/p>\t\t\t\t<\/div>\n\t\t\t\t\t<\/div>\n\t\t\t\t<\/div>\n\t\t\t\t<\/div>\n\t\t\t\t<\/div>\n\t\t<div class=\"elementor-element elementor-element-548d660 e-con-full e-flex e-con e-child\" data-id=\"548d660\" data-element_type=\"container\">\n\t\t\t\t<\/div>\n\t\t\t\t\t<\/div>\n\t\t\t\t<\/div>\n\t\t<div class=\"wd-negative-gap elementor-element elementor-element-62079ad e-flex e-con-boxed e-con e-parent\" data-id=\"62079ad\" data-element_type=\"container\">\n\t\t\t\t\t<div class=\"e-con-inner\">\n\t\t\t\t<div class=\"elementor-element elementor-element-0fecd24 color-scheme-inherit text-left elementor-widget elementor-widget-text-editor\" data-id=\"0fecd24\" data-element_type=\"widget\" data-widget_type=\"text-editor.default\">\n\t\t\t\t<div class=\"elementor-widget-container\">\n\t\t\t<style>\/*! elementor - v3.23.0 - 25-07-2024 *\/\n.elementor-widget-text-editor.elementor-drop-cap-view-stacked .elementor-drop-cap{background-color:#69727d;color:#fff}.elementor-widget-text-editor.elementor-drop-cap-view-framed .elementor-drop-cap{color:#69727d;border:3px solid;background-color:transparent}.elementor-widget-text-editor:not(.elementor-drop-cap-view-default) .elementor-drop-cap{margin-top:8px}.elementor-widget-text-editor:not(.elementor-drop-cap-view-default) .elementor-drop-cap-letter{width:1em;height:1em}.elementor-widget-text-editor .elementor-drop-cap{float:left;text-align:center;line-height:1;font-size:50px}.elementor-widget-text-editor .elementor-drop-cap-letter{display:inline-block}<\/style>\t\t\t\t<p><section class=\"wcsf is-id-18067\" data-component=\"wcsf\" data-id=\"18067\" data-options=\"{&quot;id&quot;:&quot;18067&quot;,&quot;ajaxURL&quot;:&quot;https:\\\/\\\/abzlighting.com\\\/wp-admin\\\/admin-ajax.php&quot;,&quot;filterByQueriedObject&quot;:true,&quot;saveStateToURL&quot;:false,&quot;scrollingTopOnUpdate&quot;:true,&quot;scrollingUpGap&quot;:0,&quot;resetFilterOnShowing&quot;:false,&quot;currentPageURL&quot;:&quot;https:\\\/\\\/abzlighting.com\\\/es\\\/wp-json\\\/wp\\\/v2\\\/pages\\\/18073?&quot;}\"><form hidden id=\"wcsf-form-18067\" action=\"?paged=1&#038;wcsf-submit#\" method=\"POST\" data-component=\"wcsf-form\" data-step-id=\"18068\"> <input type=\"hidden\" name=\"id\" value=\"18067\"> <input type=\"hidden\" name=\"wcsf\" value=\"18067\"><\/form><section class=\"wcsf-form is-step-id-18068\"><button type=\"submit\" role=\"tab\" form=\"wcsf-form-18067\" name=\"none\" value=\"18068\" class=\"wcsf-nav-button btn btn-block active btn-default btn-light d-sm-none\" data-component=\"wcsf-nav-item\" data-nav-action=\"none\" data-nav-id=\"18068\"><span class=\"wcsf-nav-button-inner\">Zona iluminaci\u00f3n<\/span><\/button><article class=\"wcsf-step is-id-18068 is-layout-list is-active\" data-component=\"wcsf-step\" data-id=\"18068\" style=\"\"> <div class=\"wcsf-step-fields\"><section class=\"wcsf-question is-id-18068 is-active\"><div class=\"wcsf-question-description\"><div class=\"row\"><div class=\"col-sm-2 wcsf-step-number\">01<\/div><div class=\"col-sm-10\"><h2 class=\"wcsf-step-title\">INICIO<\/h2><p>\u00bfNecesitas iluminaci\u00f3n para instalaciones deportivas o grandes \u00e1reas?<\/p><\/div><\/div><\/div><fieldset class=\"wcsf-fields is-button-radio is-alignment-start is-question-18068\"><ul class=\"wcsf-fields-list is-button-radio form-group\"> <li class=\"wcsf-field is-button-radio is-value-179\"> <label class=\"wcsf-field-label\"> <input type=\"radio\" class=\"wcsf-field-input\" required form=\"wcsf-form-18067\" data-component=\"wcsf-field-input wcsf-submit-and-go-next\" name=\"value[18068][]\" value=\"179\"> <span class=\"wcsf-field-name btn btn-secondary btn-lg btn-block\">Instalaciones deportivas <span class=\"wcsf-field-count\">(32)<\/span><\/span> <\/label> <\/li> <li class=\"wcsf-field is-button-radio is-value-178\"> <label class=\"wcsf-field-label\"> <input type=\"radio\" class=\"wcsf-field-input\" required form=\"wcsf-form-18067\" data-component=\"wcsf-field-input wcsf-submit-and-go-next\" name=\"value[18068][]\" value=\"178\"> <span class=\"wcsf-field-name btn btn-secondary btn-lg btn-block\">Grandes \u00e1reas <span class=\"wcsf-field-count\">(5)<\/span><\/span> <\/label> <\/li> <li class=\"wcsf-field is-button-radio is-value-0\"> <label class=\"wcsf-field-label\"> <input type=\"radio\" class=\"wcsf-field-input\" required form=\"wcsf-form-18067\" data-component=\"wcsf-field-input wcsf-submit-and-go-next\" name=\"value[18068][]\" value=\"0\"> <span class=\"wcsf-field-name btn btn-secondary btn-lg btn-block\">Cualquier tipo<\/span> <\/label> <\/li> <\/ul><\/fieldset><\/section><\/div><\/article><button type=\"submit\" role=\"tab\" form=\"wcsf-form-18067\" name=\"submit-and-go-to\" value=\"18071\" class=\"wcsf-nav-button btn btn-block next-active btn-default btn-light d-sm-none\" data-component=\"wcsf-nav-item\" data-nav-action=\"submit-and-go-to\" data-nav-id=\"18071\"><span class=\"wcsf-nav-button-inner\">Tipo instalaci\u00f3n<\/span><\/button><footer class=\"wcsf-footer is-sticky\" data-component=\"wcsf-footer wcsf-sticky-observer\"><nav class=\"wcsf-controls\"><button class=\"btn wcsf-control is-skip wcsf-skip btn-outline-primary show-icon-on-mobile icon-right hide-text-on-mobile\" type=\"submit\" name=\"skip-step\" form=\"wcsf-form-18067\" data-component=\"wcsf-skip wcsf-nav-item\" data-nav-id=\"18071\" data-nav-action=\"skip-step\"><span class=\"wcsf-control-inner\"> Saltar <\/span><\/button> <button class=\"btn wcsf-control is-next wcsf-next btn-primary show-icon-on-mobile icon-right hide-text-on-mobile\" type=\"submit\" name=\"submit-and-go-next\" form=\"wcsf-form-18067\" data-component=\"wcsf-nav-item\" data-nav-action=\"submit-and-go-next\" data-nav-id=\"18068\"><span class=\"wcsf-control-inner\"> Seg\u00fcent <\/span><\/button> <span class=\"wcsf-controls-spacer\"><\/span> <\/nav><\/footer><\/section><div class=\"wcsf-spinner-wrapper\"> <svg class=\"wcsf-spinner\" width=\"120\" height=\"120\" viewBox=\"0 0 120 120\" xmlns=\"http:\/\/www.w3.org\/2000\/svg\"> <g> <circle cx=\"60\" cy=\"60\" r=\"50\" class=\"wcsf-spinner-bar\"><\/circle> <circle cx=\"60\" cy=\"60\" r=\"50\" class=\"wcsf-spinner-fill\" stroke-dasharray=\"100\" stroke-linecap=\"round\" pathLength=\"100\"><\/circle> <animateTransform attributeName=\"transform\" type=\"rotate\" from=\"0 60 60\" to=\"360 60 60\" dur=\"1s\" repeatCount=\"indefinite\"\/> <\/g> <\/svg><\/div><\/section><\/p>\t\t\t\t\t\t<\/div>\n\t\t\t\t<\/div>\n\t\t\t\t\t<\/div>\n\t\t\t\t<\/div>\n\t\t\t\t<\/div>\n\t\t","protected":false},"excerpt":{"rendered":"<p>\u00bfNecesitas ayuda para encontrar lo que buscas? Nuestro Asistente es una herramienta interactiva dise\u00f1ada para ofrecerte orientaci\u00f3n y recomendaciones personalizadas<\/p>\n","protected":false},"author":1,"featured_media":0,"parent":0,"menu_order":0,"comment_status":"closed","ping_status":"closed","template":"","meta":{"_monsterinsights_skip_tracking":false,"_monsterinsights_sitenote_active":false,"_monsterinsights_sitenote_note":"","_monsterinsights_sitenote_category":0,"footnotes":""},"class_list":["post-18073","page","type-page","status-publish","hentry"],"aioseo_notices":[],"jetpack_sharing_enabled":true,"_links":{"self":[{"href":"https:\/\/abzlighting.com\/es\/wp-json\/wp\/v2\/pages\/18073","targetHints":{"allow":["GET"]}}],"collection":[{"href":"https:\/\/abzlighting.com\/es\/wp-json\/wp\/v2\/pages"}],"about":[{"href":"https:\/\/abzlighting.com\/es\/wp-json\/wp\/v2\/types\/page"}],"author":[{"embeddable":true,"href":"https:\/\/abzlighting.com\/es\/wp-json\/wp\/v2\/users\/1"}],"replies":[{"embeddable":true,"href":"https:\/\/abzlighting.com\/es\/wp-json\/wp\/v2\/comments?post=18073"}],"version-history":[{"count":25,"href":"https:\/\/abzlighting.com\/es\/wp-json\/wp\/v2\/pages\/18073\/revisions"}],"predecessor-version":[{"id":18662,"href":"https:\/\/abzlighting.com\/es\/wp-json\/wp\/v2\/pages\/18073\/revisions\/18662"}],"wp:attachment":[{"href":"https:\/\/abzlighting.com\/es\/wp-json\/wp\/v2\/media?parent=18073"}],"curies":[{"name":"wp","href":"https:\/\/api.w.org\/{rel}","templated":true}]}}