{"id":17365,"date":"2021-10-12T15:51:09","date_gmt":"2021-10-12T13:51:09","guid":{"rendered":"https:\/\/abzlighting.com\/nosaltres\/"},"modified":"2025-01-16T12:13:18","modified_gmt":"2025-01-16T11:13:18","slug":"nosotros","status":"publish","type":"page","link":"https:\/\/abzlighting.com\/es\/nosotros\/","title":{"rendered":"Nosotros"},"content":{"rendered":"\t\t<div data-elementor-type=\"wp-page\" data-elementor-id=\"17365\" class=\"elementor elementor-17365 elementor-4400\" data-elementor-post-type=\"page\">\n\t\t\t\t<div class=\"wd-negative-gap elementor-element elementor-element-1af7031 e-flex e-con-boxed e-con e-parent\" data-id=\"1af7031\" data-element_type=\"container\">\n\t\t\t\t\t<div class=\"e-con-inner\">\n\t\t<div class=\"elementor-element elementor-element-9056b9e e-con-full e-flex e-con e-child\" data-id=\"9056b9e\" data-element_type=\"container\">\n\t\t\t\t<\/div>\n\t\t<div class=\"elementor-element elementor-element-8f54ea0 e-con-full e-flex e-con e-child\" data-id=\"8f54ea0\" data-element_type=\"container\">\n\t\t\t\t<div class=\"elementor-element elementor-element-5d57672 elementor-widget__width-initial elementor-widget-tablet__width-inherit wd-width-100 elementor-widget elementor-widget-wd_title\" data-id=\"5d57672\" data-element_type=\"widget\" data-widget_type=\"wd_title.default\">\n\t\t\t\t<div class=\"elementor-widget-container\">\n\t\t\t\t\t<div class=\"title-wrapper set-mb-s reset-last-child wd-title-color-primary wd-title-style-default wd-title-size-large text-left\">\n\n\t\t\t\n\t\t\t<div class=\"liner-continer\">\n\t\t\t\t<h4 class=\"woodmart-title-container title wd-fontsize-xxl\">NOSOTROS<\/h4> \n\t\t\t\t\t\t\t<\/div>\n\n\t\t\t\t\t\t\t<div class=\"title-after_title set-cont-mb-s reset-last-child wd-fontsize-s\">\n\t\t\t\t\t<p>Somos profesionales con m\u00e1s de 35 a\u00f1os de experiencia en el sector de la iluminaci\u00f3n, tanto en el \u00e1mbito decorativo como en el industrial y de alumbrado p\u00fablico.<\/p>\t\t\t\t<\/div>\n\t\t\t\t\t<\/div>\n\t\t\t\t<\/div>\n\t\t\t\t<\/div>\n\t\t\t\t<\/div>\n\t\t<div class=\"elementor-element elementor-element-5850cf9 e-con-full e-flex e-con e-child\" data-id=\"5850cf9\" data-element_type=\"container\">\n\t\t\t\t<\/div>\n\t\t\t\t\t<\/div>\n\t\t\t\t<\/div>\n\t\t<div class=\"elementor-element elementor-element-f2c7346 wd-section-stretch-content e-con-full e-flex e-con e-parent\" data-id=\"f2c7346\" data-element_type=\"container\" data-settings=\"{&quot;background_background&quot;:&quot;slideshow&quot;,&quot;background_slideshow_gallery&quot;:[{&quot;id&quot;:18913,&quot;url&quot;:&quot;https:\\\/\\\/abzlighting.com\\\/wp-content\\\/uploads\\\/2025\\\/01\\\/banner-nosaltres-1.jpg&quot;}],&quot;background_slideshow_loop&quot;:&quot;yes&quot;,&quot;background_slideshow_slide_duration&quot;:5000,&quot;background_slideshow_slide_transition&quot;:&quot;fade&quot;,&quot;background_slideshow_transition_duration&quot;:500}\">\n\t\t\t\t<div class=\"elementor-element elementor-element-27ded0c elementor-widget elementor-widget-spacer\" data-id=\"27ded0c\" data-element_type=\"widget\" data-widget_type=\"spacer.default\">\n\t\t\t\t<div class=\"elementor-widget-container\">\n\t\t\t<style>\/*! elementor - v3.23.0 - 25-07-2024 *\/\n.elementor-column .elementor-spacer-inner{height:var(--spacer-size)}.e-con{--container-widget-width:100%}.e-con-inner>.elementor-widget-spacer,.e-con>.elementor-widget-spacer{width:var(--container-widget-width,var(--spacer-size));--align-self:var(--container-widget-align-self,initial);--flex-shrink:0}.e-con-inner>.elementor-widget-spacer>.elementor-widget-container,.e-con>.elementor-widget-spacer>.elementor-widget-container{height:100%;width:100%}.e-con-inner>.elementor-widget-spacer>.elementor-widget-container>.elementor-spacer,.e-con>.elementor-widget-spacer>.elementor-widget-container>.elementor-spacer{height:100%}.e-con-inner>.elementor-widget-spacer>.elementor-widget-container>.elementor-spacer>.elementor-spacer-inner,.e-con>.elementor-widget-spacer>.elementor-widget-container>.elementor-spacer>.elementor-spacer-inner{height:var(--container-widget-height,var(--spacer-size))}.e-con-inner>.elementor-widget-spacer.elementor-widget-empty,.e-con>.elementor-widget-spacer.elementor-widget-empty{position:relative;min-height:22px;min-width:22px}.e-con-inner>.elementor-widget-spacer.elementor-widget-empty .elementor-widget-empty-icon,.e-con>.elementor-widget-spacer.elementor-widget-empty .elementor-widget-empty-icon{position:absolute;top:0;bottom:0;left:0;right:0;margin:auto;padding:0;width:22px;height:22px}<\/style>\t\t<div class=\"elementor-spacer\">\n\t\t\t<div class=\"elementor-spacer-inner\"><\/div>\n\t\t<\/div>\n\t\t\t\t<\/div>\n\t\t\t\t<\/div>\n\t\t\t\t<\/div>\n\t\t<div class=\"wd-negative-gap elementor-element elementor-element-9ff6f3a wd-section-stretch e-flex e-con-boxed e-con e-parent\" data-id=\"9ff6f3a\" data-element_type=\"container\" data-settings=\"{&quot;background_background&quot;:&quot;classic&quot;}\">\n\t\t\t\t\t<div class=\"e-con-inner\">\n\t\t<div class=\"elementor-element elementor-element-af9dd05 e-con-full e-flex e-con e-child\" data-id=\"af9dd05\" data-element_type=\"container\">\n\t\t\t\t<div class=\"elementor-element elementor-element-66e47ad elementor-widget elementor-widget-wd_text_block\" data-id=\"66e47ad\" data-element_type=\"widget\" data-widget_type=\"wd_text_block.default\">\n\t\t\t\t<div class=\"elementor-widget-container\">\n\t\t\t\t\t<div class=\"wd-text-block reset-last-child text-left\">\n\t\t\t\n\t\t\tSomos especialistas en la conceptualizaci\u00f3n, dise\u00f1o y ejecuci\u00f3n de proyectos para instalaciones deportivas de todo tipo. Sumamos m\u00e1s de 150 instalaciones en todo el mundo. Desde grandes estadios a campos de f\u00fatbol de todo tipo, pistas de p\u00e1del, de tenis o de atletismo, hasta campos de rugby o b\u00e9isbol, o piscinas, entre muchas otras disciplinas deportivas. Y siempre, siguiendo las normativas espec\u00edficas para cada caso que permitan las competiciones oficiales, sean nacionales o internacionales.\n\t\t\t\t\t<\/div>\n\t\t\t\t<\/div>\n\t\t\t\t<\/div>\n\t\t\t\t<div class=\"elementor-element elementor-element-f982a72 elementor-widget elementor-widget-wd_text_block\" data-id=\"f982a72\" data-element_type=\"widget\" data-widget_type=\"wd_text_block.default\">\n\t\t\t\t<div class=\"elementor-widget-container\">\n\t\t\t\t\t<div class=\"wd-text-block reset-last-child text-left\">\n\t\t\t\n\t\t\t<p><span style=\"font-weight: 400;\">Tambi\u00e9n somos especialistas en iluminaci\u00f3n de grandes \u00e1reas industriales como puertos, aeropuertos, naves industriales o aparcamientos.<\/span><\/p>\n\t\t\t\t\t<\/div>\n\t\t\t\t<\/div>\n\t\t\t\t<\/div>\n\t\t\t\t<\/div>\n\t\t<div class=\"elementor-element elementor-element-3074140 e-con-full e-flex e-con e-child\" data-id=\"3074140\" data-element_type=\"container\">\n\t\t\t\t<div class=\"elementor-element elementor-element-56aec39 elementor-widget elementor-widget-wd_image_or_svg\" data-id=\"56aec39\" data-element_type=\"widget\" data-widget_type=\"wd_image_or_svg.default\">\n\t\t\t\t<div class=\"elementor-widget-container\">\n\t\t\t\n\t\t<div class=\"wd-image text-left\">\n\t\t\t\t\t\t\t\t<img fetchpriority=\"high\" decoding=\"async\" width=\"450\" height=\"600\" src=\"https:\/\/abzlighting.com\/wp-content\/uploads\/2025\/01\/foto-nosaltres-2.jpg\" class=\"attachment-full size-full\" alt=\"\" srcset=\"https:\/\/abzlighting.com\/wp-content\/uploads\/2025\/01\/foto-nosaltres-2.jpg 450w, https:\/\/abzlighting.com\/wp-content\/uploads\/2025\/01\/foto-nosaltres-2-225x300.jpg 225w, https:\/\/abzlighting.com\/wp-content\/uploads\/2025\/01\/foto-nosaltres-2-430x573.jpg 430w, https:\/\/abzlighting.com\/wp-content\/uploads\/2025\/01\/foto-nosaltres-2-150x200.jpg 150w\" sizes=\"(max-width: 450px) 100vw, 450px\" \/>\t\t\t\t\t<\/div>\n\n\t\t\t\t<\/div>\n\t\t\t\t<\/div>\n\t\t\t\t<\/div>\n\t\t<div class=\"elementor-element elementor-element-eae8b2e e-con-full e-flex e-con e-child\" data-id=\"eae8b2e\" data-element_type=\"container\">\n\t\t\t\t<div class=\"elementor-element elementor-element-85e28ae elementor-widget elementor-widget-wd_image_or_svg\" data-id=\"85e28ae\" data-element_type=\"widget\" data-widget_type=\"wd_image_or_svg.default\">\n\t\t\t\t<div class=\"elementor-widget-container\">\n\t\t\t\n\t\t<div class=\"wd-image text-left\">\n\t\t\t\t\t\t\t\t<img decoding=\"async\" width=\"644\" height=\"316\" src=\"https:\/\/abzlighting.com\/wp-content\/uploads\/2024\/06\/Elements-individuals-Pagines-menu-08.png\" class=\"attachment-full size-full\" alt=\"\" srcset=\"https:\/\/abzlighting.com\/wp-content\/uploads\/2024\/06\/Elements-individuals-Pagines-menu-08.png 644w, https:\/\/abzlighting.com\/wp-content\/uploads\/2024\/06\/Elements-individuals-Pagines-menu-08-400x196.png 400w, https:\/\/abzlighting.com\/wp-content\/uploads\/2024\/06\/Elements-individuals-Pagines-menu-08-430x211.png 430w, https:\/\/abzlighting.com\/wp-content\/uploads\/2024\/06\/Elements-individuals-Pagines-menu-08-150x74.png 150w\" sizes=\"(max-width: 644px) 100vw, 644px\" \/>\t\t\t\t\t<\/div>\n\n\t\t\t\t<\/div>\n\t\t\t\t<\/div>\n\t\t\t\t<\/div>\n\t\t<div class=\"elementor-element elementor-element-b4d96cd e-con-full e-flex e-con e-child\" data-id=\"b4d96cd\" data-element_type=\"container\">\n\t\t\t\t<div class=\"elementor-element elementor-element-4439c37 elementor-widget elementor-widget-wd_text_block\" data-id=\"4439c37\" data-element_type=\"widget\" data-widget_type=\"wd_text_block.default\">\n\t\t\t\t<div class=\"elementor-widget-container\">\n\t\t\t\t\t<div class=\"wd-text-block reset-last-child text-left\">\n\t\t\t\n\t\t\t<p><span style=\"font-weight: 400;\">Para cada cliente elaboramos un estudio previo para dise\u00f1ar un proyecto \u00fanico y personalizado a las necesidades de cada instalaci\u00f3n. Nos impulsa la ambici\u00f3n de ofrecer el proyecto id\u00f3neo para cada caso, con los productos m\u00e1s adecuados y con el asesoramiento y acompa\u00f1amiento necesario durante todo el proceso para conseguir las mejores soluciones de iluminaci\u00f3n y eficiencia energ\u00e9tica. Estamos presentes de principio a fin, as\u00ed garantizamos el \u00e9xito de cada proyecto.<\/span><\/p>\n\t\t\t\t\t<\/div>\n\t\t\t\t<\/div>\n\t\t\t\t<\/div>\n\t\t\t\t<\/div>\n\t\t\t\t\t<\/div>\n\t\t\t\t<\/div>\n\t\t\t\t<\/div>\n\t\t","protected":false},"excerpt":{"rendered":"<p>NOSOTROS Somos profesionales con m\u00e1s de 35 a\u00f1os de experiencia en el sector de la iluminaci\u00f3n, tanto en el \u00e1mbito<\/p>\n","protected":false},"author":1,"featured_media":0,"parent":0,"menu_order":0,"comment_status":"closed","ping_status":"closed","template":"","meta":{"_monsterinsights_skip_tracking":false,"_monsterinsights_sitenote_active":false,"_monsterinsights_sitenote_note":"","_monsterinsights_sitenote_category":0,"footnotes":""},"class_list":["post-17365","page","type-page","status-publish","hentry"],"aioseo_notices":[],"jetpack_sharing_enabled":true,"_links":{"self":[{"href":"https:\/\/abzlighting.com\/es\/wp-json\/wp\/v2\/pages\/17365","targetHints":{"allow":["GET"]}}],"collection":[{"href":"https:\/\/abzlighting.com\/es\/wp-json\/wp\/v2\/pages"}],"about":[{"href":"https:\/\/abzlighting.com\/es\/wp-json\/wp\/v2\/types\/page"}],"author":[{"embeddable":true,"href":"https:\/\/abzlighting.com\/es\/wp-json\/wp\/v2\/users\/1"}],"replies":[{"embeddable":true,"href":"https:\/\/abzlighting.com\/es\/wp-json\/wp\/v2\/comments?post=17365"}],"version-history":[{"count":11,"href":"https:\/\/abzlighting.com\/es\/wp-json\/wp\/v2\/pages\/17365\/revisions"}],"predecessor-version":[{"id":18937,"href":"https:\/\/abzlighting.com\/es\/wp-json\/wp\/v2\/pages\/17365\/revisions\/18937"}],"wp:attachment":[{"href":"https:\/\/abzlighting.com\/es\/wp-json\/wp\/v2\/media?parent=17365"}],"curies":[{"name":"wp","href":"https:\/\/api.w.org\/{rel}","templated":true}]}}