{"id":17364,"date":"2024-04-16T16:52:46","date_gmt":"2024-04-16T14:52:46","guid":{"rendered":"https:\/\/abzlighting.com\/politica-de-privacitat\/"},"modified":"2024-07-26T09:00:25","modified_gmt":"2024-07-26T07:00:25","slug":"politica-de-privacitat","status":"publish","type":"page","link":"https:\/\/abzlighting.com\/es\/politica-de-privacitat\/","title":{"rendered":"Pol\u00edtica de privacitat"},"content":{"rendered":"\t\t<div data-elementor-type=\"wp-page\" data-elementor-id=\"17364\" class=\"elementor elementor-17364 elementor-3\" data-elementor-post-type=\"page\">\n\t\t\t\t<div class=\"wd-negative-gap elementor-element elementor-element-1e9a31f7 e-flex e-con-boxed e-con e-parent\" data-id=\"1e9a31f7\" data-element_type=\"container\">\n\t\t\t\t\t<div class=\"e-con-inner\">\n\t\t\t\t<div class=\"elementor-element elementor-element-70822d98 color-scheme-inherit text-left elementor-widget elementor-widget-text-editor\" data-id=\"70822d98\" data-element_type=\"widget\" data-widget_type=\"text-editor.default\">\n\t\t\t\t<div class=\"elementor-widget-container\">\n\t\t\t<style>\/*! elementor - v3.23.0 - 25-07-2024 *\/\n.elementor-widget-text-editor.elementor-drop-cap-view-stacked .elementor-drop-cap{background-color:#69727d;color:#fff}.elementor-widget-text-editor.elementor-drop-cap-view-framed .elementor-drop-cap{color:#69727d;border:3px solid;background-color:transparent}.elementor-widget-text-editor:not(.elementor-drop-cap-view-default) .elementor-drop-cap{margin-top:8px}.elementor-widget-text-editor:not(.elementor-drop-cap-view-default) .elementor-drop-cap-letter{width:1em;height:1em}.elementor-widget-text-editor .elementor-drop-cap{float:left;text-align:center;line-height:1;font-size:50px}.elementor-widget-text-editor .elementor-drop-cap-letter{display:inline-block}<\/style>\t\t\t\t<!-- wp:heading -->\n<p><strong>Informaci\u00f3 sobre Protecci\u00f3 de Dades<\/strong><\/p>\n<p>Dades relatives al Responsable<\/p>\n<p><span style=\"text-decoration: underline;\">Tractament responsable<\/span><\/p>\n<p>\u00a0\u00a0Empresa: <strong>ABZ lighting<\/strong> &#8211; BXXXXXXX<\/p>\n<p>\u00a0\u00a0Direcci\u00f3: XXXX<\/p>\n<p>\u00a0\u00a0Contacte: XXXXX &#8211; 93XXXXX<\/p>\n<p><span style=\"text-decoration: underline;\">Delegat de Protecci\u00f3 de Dades<\/span><\/p>\n<p>\u00a0\u00a0Nombre: XXXXX<\/p>\n<p>\u00a0\u00a0Contacte: XXXX<\/p>\n<p><strong>Finalitats<\/strong><\/p>\n<p>En compliment del disposat en el Reglament Europeo 2016\/679 General de Protecci\u00f3 de Dades, li informem que, depenent de la relaci\u00f3 que tingui amb nosaltres, a <strong>ABZ lighting<\/strong> tractem les dades que ens facilita per a alguna, o totes, les seg\u00fcents finalitats:<\/p>\n<p>\u00a0<\/p>\n<p>Arxiu \/ historial de treballadors i treballadors de l&#8217;empresa<\/p>\n<p>Compra \/ venda d&#8217;articles i serveis.<\/p>\n<p>Control i supervisi\u00f3 de l&#8217;efici\u00e8ncia i qualitat de l&#8217;entitat<\/p>\n<p>Control i vigil\u00e0ncia d&#8217;acc\u00e9s a llocs<\/p>\n<p>Coordinaci\u00f3 d&#8217;activitats empresarials<\/p>\n<p>Creaci\u00f3 de contractes, confecci\u00f3 de n\u00f2mines i altres tasques relacionades<\/p>\n<p>Enviament d&#8217;informaci\u00f3 comercial de l&#8217;entitat mitjan\u00e7ant correu postal, correu electr\u00f2nic o altres<\/p>\n<p>Formaci\u00f3<\/p>\n<p>Gesti\u00f3 comptable, administrativa, de facturaci\u00f3, de cobraments i pagaments<\/p>\n<p>Manteniment de la relaci\u00f3 laboral i contra-prestaci\u00f3 pels treballs realitzats<\/p>\n<p>Donar-li un servei<\/p>\n<p>Publicaci\u00f3 en dades de car\u00e0cter personal en les diferents xarxes socials o altres m\u00e8todes de publicaci\u00f3<\/p>\n<p>Realitzaci\u00f3 de cobrament mitjan\u00e7ant TPV<\/p>\n<p>Realitzaci\u00f3 d&#8217;un curs \/ formaci\u00f3 a trav\u00e9s de la p\u00e0gina web \/ plataforma.<\/p>\n<p>Recepci\u00f3 de la prestaci\u00f3 d&#8217;un servei<\/p>\n<p>Registre des cursos \/ formacions realitzades<\/p>\n<p>Seguretat de l&#8217;entitat.<\/p>\n<p>Servei postvenda i fidelitzaci\u00f3<\/p>\n<p>Tramitaci\u00f3 d&#8217;altes i baixes per malaltia o accident laboral<\/p>\n<p>Tramitaci\u00f3 de pressupostos<\/p>\n<p>Tractament de dades per a cursos i formacions<\/p>\n<p>Utilitzaci\u00f3 de dades derivades de les activitats de l&#8217;empresa<\/p>\n<p><strong>Termini de conservaci\u00f3 de la informaci\u00f3<\/strong><\/p>\n<p>Les seves dades seran conservades durant la durada de la relaci\u00f3 contractual, comercial o d&#8217;un altre tipus amb la nostra entitat, sol\u00b7licitar el seu supressi\u00f3, aix\u00ed com el temps necessari per complir les obligacions legals.<\/p>\n<p><strong>Legitimaci\u00f3<\/strong><\/p>\n<p>La base legal per al tractament de les seves dades radica per:<\/p>\n<p>Consentiment inequ\u00edvoc<\/p>\n<p>Execuci\u00f3 d&#8217;un contracte<\/p>\n<p>Inter\u00e8s leg\u00edtim per part del responsable del tractament<\/p>\n<p>Protegir l&#8217;inter\u00e8s vital d&#8217;un afectat<\/p>\n<p><strong>Destinataris<\/strong><\/p>\n<p>Les seves dades personals seran comunicades a tercers en els seg\u00fcents sup\u00f2sits:<\/p>\n<p>A altres responsables del tractament<\/p>\n<p>Administraci\u00f3 Tribut\u00e0ria<\/p>\n<p>Ag\u00e8ncia de Seguretat<\/p>\n<p>Bancs i entitats financeres<\/p>\n<p>Encarregats de destrucci\u00f3 de documentaci\u00f3<\/p>\n<p>Entitats de Consultoria \/ Auditoria<\/p>\n<p>Entitats de formaci\u00f3<\/p>\n<p>Entitats de publicitat i m\u00e0rqueting<\/p>\n<p>Entitats inform\u00e0tiques de manteniment de programari i maquinari<\/p>\n<p>Gestoria \/ Assessoria<\/p>\n<p>Seguretat social<\/p>\n<p>Servei de Prevenci\u00f3 de Riscos Laborals<\/p>\n<p><strong>Drets<\/strong><\/p>\n<p>Tens dret a obtenir la confirmaci\u00f3 sobre si a <strong>ABZ lighting<\/strong> estem tractant dades personals que li interessen, o no.<\/p>\n<p>Aix\u00ed mateix, t\u00e9 dret d&#8217;acc\u00e9s a les seves dades personals, aix\u00ed com a sol\u00b7licitar la rectificaci\u00f3 dels dades inexactes o, en el seu cas, sol\u00b7licitar la seva supressi\u00f3 quan, entre altres motius, les dades ja no s\u00f3n necessaris per a les finalitats que es van recollir.<\/p>\n<p>En determinades circumst\u00e0ncies, es podr\u00e0 sol\u00b7licitar la limitaci\u00f3 del tractament de les seves dades, en cas que nom\u00e9s es conservaran per l&#8217;exercici o la defensa de reclamacions.<\/p>\n<p>Addicionalment, en determinades circumst\u00e0ncies i per motius relacionats amb la vostra situaci\u00f3 particular, podr\u00e0 exercir el dret d&#8217;oposici\u00f3 al tractament de les seves dades. <strong>ABZ lighting<\/strong> deixar\u00e0 de tractar les dades, excepte per motius leg\u00edtims imperatius, o l&#8217;exercici o la defensa de possibles reclamacions.<\/p>\n<p>Aix\u00ed mateix, es pot exercir el dret a la portabilitat de dades, aix\u00ed com retirar els consentiments facilitats en qualsevol moment, sense que aix\u00f2 afecti a la legalitat del tractament basada en el consentiment previ a la seva retirada.<\/p>\n<p>Alternativament, tamb\u00e9 es pot dirigir a nosaltres mitjan\u00e7ant correu postal a la seg\u00fcent adre\u00e7a: XXXX-XXXXX adjuntant una fotoc\u00f2pia del DNI, per a la verificaci\u00f3 de la seva identitat. Recordeu-vos de facilitar l&#8217;\u00faltima informaci\u00f3 possible sobre la vostra sol\u00b7licitud: Nom i cognoms, adre\u00e7a d&#8217;adre\u00e7a electr\u00f2nica que s&#8217;utilitza per a l&#8217;adre\u00e7a o portal objecte de la vostra sol\u00b7licitud.<\/p>\n<p>Per \u00faltim, li informem que es pot dirigir davant l&#8217;Ag\u00e8ncia Espanyola de Protecci\u00f3 de Dades i altres organismes p\u00fablics competents per a qualsevol reclamaci\u00f3 derivada del tractament de les seves dades personals.<\/p>\n<p><strong>Pol\u00edtica de cookies<\/strong><\/p>\n<p>Per con\u00e8ixer les galetes que utilitzem a la nostra p\u00e0gina, recordeu que podeu accedir a la nostra Pol\u00edtica de Cookies a trav\u00e9s del seg\u00fcent enlla\u00e7 pol\u00edtica de cookies.<\/p>\n<!-- \/wp:paragraph -->\t\t\t\t\t\t<\/div>\n\t\t\t\t<\/div>\n\t\t\t\t\t<\/div>\n\t\t\t\t<\/div>\n\t\t\t\t<\/div>\n\t\t","protected":false},"excerpt":{"rendered":"<p>Informaci\u00f3 sobre Protecci\u00f3 de Dades Dades relatives al Responsable Tractament responsable \u00a0\u00a0Empresa: ABZ lighting &#8211; BXXXXXXX \u00a0\u00a0Direcci\u00f3: XXXX \u00a0\u00a0Contacte: XXXXX<\/p>\n","protected":false},"author":1,"featured_media":0,"parent":0,"menu_order":0,"comment_status":"closed","ping_status":"open","template":"","meta":{"_monsterinsights_skip_tracking":false,"_monsterinsights_sitenote_active":false,"_monsterinsights_sitenote_note":"","_monsterinsights_sitenote_category":0,"footnotes":""},"class_list":["post-17364","page","type-page","status-publish","hentry"],"aioseo_notices":[],"jetpack_sharing_enabled":true,"_links":{"self":[{"href":"https:\/\/abzlighting.com\/es\/wp-json\/wp\/v2\/pages\/17364","targetHints":{"allow":["GET"]}}],"collection":[{"href":"https:\/\/abzlighting.com\/es\/wp-json\/wp\/v2\/pages"}],"about":[{"href":"https:\/\/abzlighting.com\/es\/wp-json\/wp\/v2\/types\/page"}],"author":[{"embeddable":true,"href":"https:\/\/abzlighting.com\/es\/wp-json\/wp\/v2\/users\/1"}],"replies":[{"embeddable":true,"href":"https:\/\/abzlighting.com\/es\/wp-json\/wp\/v2\/comments?post=17364"}],"version-history":[{"count":1,"href":"https:\/\/abzlighting.com\/es\/wp-json\/wp\/v2\/pages\/17364\/revisions"}],"predecessor-version":[{"id":17648,"href":"https:\/\/abzlighting.com\/es\/wp-json\/wp\/v2\/pages\/17364\/revisions\/17648"}],"wp:attachment":[{"href":"https:\/\/abzlighting.com\/es\/wp-json\/wp\/v2\/media?parent=17364"}],"curies":[{"name":"wp","href":"https:\/\/api.w.org\/{rel}","templated":true}]}}