{"id":17362,"date":"2024-05-16T15:14:32","date_gmt":"2024-05-16T13:14:32","guid":{"rendered":"https:\/\/abzlighting.com\/politica-de-cookies\/"},"modified":"2024-07-26T09:00:30","modified_gmt":"2024-07-26T07:00:30","slug":"politica-de-cookies","status":"publish","type":"page","link":"https:\/\/abzlighting.com\/es\/politica-de-cookies\/","title":{"rendered":"Pol\u00edtica de cookies"},"content":{"rendered":"\t\t<div data-elementor-type=\"wp-page\" data-elementor-id=\"17362\" class=\"elementor elementor-17362 elementor-15726\" data-elementor-post-type=\"page\">\n\t\t\t\t<div class=\"wd-negative-gap elementor-element elementor-element-6f9b3456 e-flex e-con-boxed e-con e-parent\" data-id=\"6f9b3456\" data-element_type=\"container\">\n\t\t\t\t\t<div class=\"e-con-inner\">\n\t\t\t\t<div class=\"elementor-element elementor-element-5fb630f5 color-scheme-inherit text-left elementor-widget elementor-widget-text-editor\" data-id=\"5fb630f5\" data-element_type=\"widget\" data-widget_type=\"text-editor.default\">\n\t\t\t\t<div class=\"elementor-widget-container\">\n\t\t\t<style>\/*! elementor - v3.23.0 - 25-07-2024 *\/\n.elementor-widget-text-editor.elementor-drop-cap-view-stacked .elementor-drop-cap{background-color:#69727d;color:#fff}.elementor-widget-text-editor.elementor-drop-cap-view-framed .elementor-drop-cap{color:#69727d;border:3px solid;background-color:transparent}.elementor-widget-text-editor:not(.elementor-drop-cap-view-default) .elementor-drop-cap{margin-top:8px}.elementor-widget-text-editor:not(.elementor-drop-cap-view-default) .elementor-drop-cap-letter{width:1em;height:1em}.elementor-widget-text-editor .elementor-drop-cap{float:left;text-align:center;line-height:1;font-size:50px}.elementor-widget-text-editor .elementor-drop-cap-letter{display:inline-block}<\/style>\t\t\t\t<!-- wp:heading -->\n<p><strong>Informaci\u00f3 general de les galetes<\/strong><\/p>\n<p>La confian\u00e7a del usuari \u00e9s important per a nosaltres, i per tant, a <strong>ABZ lighting<\/strong> ens preocupa protegir la vostra privacitat. Un aspecte important d&#8217;aix\u00f2 \u00e9s proporcionar-li tota la informaci\u00f3 possible sobre com utilitzem les seves dades de car\u00e0cter personal, fins i tot com s&#8217;utilitza el local d&#8217;emmagatzematge de dades i tecnologia similar<\/p>\n<p>L&#8217;emmagatzematge local de dades implica l&#8217;emmagatzematge de diferents tipus de dades localment en el seu dispositiu a trav\u00e9s del seu navegador web. Les dades que es poden emmagatzemar localment poden, per exemple, contenir la configuraci\u00f3 de l&#8217;usuari, informaci\u00f3 sobre com navega per la nostra web, quin navegador web utilitza, quins anuncis s&#8217;han mostrat i la similitud en llocs web amb els quals treballem. Els dades emmagatzemades localment es poden utilitzar per personalitzar el contingut i les funcions en els nostres serveis, de manera que les seves visites siguin m\u00e9s c\u00f2modes i tinguin m\u00e9s sentit.<\/p>\n<p>Un m\u00e8tode d&#8217;emmagatzematge local de dades s\u00f3n les cookies. Les cookies s\u00f3n petits arxius de text que es troben en el seu dispositiu (PC, tel\u00e8fon m\u00f2bil o tablet) que permeten recon\u00e8ixer la seva navegaci\u00f3 web. Les cookies contenen informaci\u00f3 principalment sobre la seva navegaci\u00f3 web i sobre qualsevol activitat que s&#8217;hagi produ\u00eft en ell. Ens ajuden a garantir la seguretat i el funcionament \u00f2ptim de la nostra web, quan surt de la nostra p\u00e0gina web aquestes s\u00f3n eliminades (cookies de seguretat i sessi\u00f3 de cookies) i recullen informaci\u00f3 sobre els productes que els interessen a les nostres visites d&#8217;Internet i sobre com naveguen a trav\u00e9s de la nostra web perqu\u00e8 les nostres ofertes siguin m\u00e9s atractives per als usuaris (seguiment de cookies).<\/p>\n<p><strong>Informaci\u00f3 complement\u00e0ria de les cookies<\/strong><\/p>\n<p>Utilitzem l&#8217;emmagatzematge local de dades per a una s\u00e8rie de finalitats, com ara: permetre&#8217;ns realitzar els nostres serveis; Aportar contingut pertinent, personalitzat quan visiteu els nostres llocs web; mesurar i analitzar el tr\u00e0nsit a la nostra web; millorar els nostres serveis; i dirigir publicitat espec\u00edfica. A continuaci\u00f3, s&#8217;ofereixen m\u00e9s detalls sobre aquests temes:<\/p>\n<ul>\n<li>Per a la nostra publicitat:<\/li>\n<\/ul>\n<p>Utilitzem l&#8217;emmagatzematge local de dades en relaci\u00f3 amb les activitats publicit\u00e0ries. Aix\u00f2 ens permet saber si i amb freq\u00fc\u00e8ncia l&#8217;usuari ha vist un anunci o determinat tipus d&#8217;anunci, i quant temps fa que ho ha vist.<\/p>\n<p>Tamb\u00e9 utilitzem l&#8217;emmagatzematge local de dades per constru\u00efr segments i grups objectius amb finalitats de m\u00e0rqueting i dirigir anuncis espec\u00edfics.<\/p>\n<ul>\n<li>Per analitzar i millorar els nostres serveis:<\/li>\n<\/ul>\n<p>Utilitzem diverses eines de mesura que ens proporcionen estad\u00edstiques i an\u00e0lisi relatives als nostres serveis. Aquestes eines permeten recon\u00e8ixer el navegador web al llarg del temps i saber si el visitant ha visitat el lloc web anteriorment i si \u00e9s aix\u00ed amb quina freq\u00fc\u00e8ncia. Aquestes eines ens ofereixen la possibilitat d&#8217;aconseguir una visi\u00f3 general de quants usuaris \u00fanics tenim i com utilitzen els nostres serveis.<\/p>\n<p>Aix\u00ed mateix, utilitzem la informaci\u00f3 que hem recollit i analitzat per desenvolupar i millorar els nostres serveis; per exemple, averiguar quins serveis generen m\u00e9s tr\u00e0nsit o veure si un servei est\u00e0 funcionant de manera \u00f2ptima.<\/p>\n<ul>\n<li>Per lliurar i adaptar els serveis a la seva utilitzaci\u00f3:<\/li>\n<\/ul>\n<p>Es requereix i es necessita l&#8217;emmagatzematge local de dades amb l&#8217;objectiu de permetre&#8217;ns utilitzar els nostres serveis, tals com informaci\u00f3 sobre la seva configuraci\u00f3, que ens diu com s&#8217;han de presentar els serveis en el seu navegador web.<\/p>\n<p>Tamb\u00e9 utilitzem l&#8217;emmagatzematge local de dades per adaptar els nostres serveis a la seva utilitzaci\u00f3 el millor possible.<\/p>\n<p><strong>Gesti\u00f3 de les cookies<\/strong><\/p>\n<p>Podeu desactivar les cookies o configurar el seu navegador perqu\u00e8 avisi quan envien una cookie.<\/p>\n<p>La configuraci\u00f3 al vostre navegador web normalment mostra una llista de totes les cookies que s&#8217;han emmagatzemat per proporcionar-vos una visi\u00f3 general i, si ho desitja, per eliminar les galetes no desitjades. Normalment, es pot indicar que accepta l&#8217;emmagatzematge de cookies dels llocs web que visita o de tercers afiliats a aquests llocs web. Tamb\u00e9 es pot triar ser notificat cada vegada que s\u2019emmagatzema una nova cookie. Se li proporciona a continuaci\u00f3, orientaci\u00f3 sobre com fer-ho en diferents navegadors web. El seu navegador web normalment emmagatzema cookies en una carpeta espec\u00edfica en el seu disc dur, de manera que pugui examinar tamb\u00e9 el contingut amb m\u00e9s detall.<\/p>\n<p>No obstant aix\u00f2, les cookies que estan presents a la p\u00e0gina web canvien amb freq\u00fc\u00e8ncia, i no totes les galetes s\u00f3n igual d&#8217;importants. Per tant, si <strong>ABZ lighting<\/strong> canvia l&#8217;\u00fas de les cookies de seguiment, se li notificar\u00e0 amb un missatge.<\/p>\n<p>Aix\u00ed mateix, hi ha disponibles serveis que han estat desenvolupats especialment per proporcionar als usuaris una llista actualitzada de cookies i altres mecanismes de seguiment.<\/p>\n<p>Tingueu en compte que si vost\u00e8 els desactiva, \u00e9s possible que no puguem gaudir de totes les funcionalitats de la nostra web.<\/p>\n<p>A continuaci\u00f3, se li presenta un resum de com les dades emmagatzemades localment es poden gestionar en diferents navegadors web. Tingueu en compte que aquest proc\u00e9s pot canviar i que les descripcions donades aqu\u00ed no poden estar actualitzades.<\/p>\n<p><strong>Gesti\u00f3 de cookies a Google Chrome<\/strong><\/p>\n<ul>\n<li>Com eliminar les cookies:<\/li>\n<li>V\u00e9s a Configuraci\u00f3 en el men\u00fa del teu navegador.<\/li>\n<li>Feu clic a Mostra la configuraci\u00f3 avan\u00e7ada.<\/li>\n<li>Feu clic a Eliminar dades de navegaci\u00f3.<\/li>\n<li>Selecciona el per\u00edode de temps per al qual desitgeu eliminar la informaci\u00f3 del men\u00fa a la part superior. Si desitgeu eliminar totes les galetes en el navegador, feu clic a Des del origen dels temps.<\/li>\n<li>Marca Cookies i altres dades de llocs i complements.<\/li>\n<li>Feu clic a Esborra dades de navegaci\u00f3.<\/li>\n<li>Tanca la finestra.<\/li>\n<li>Com evitar que les galetes s\u2019emmagatzemin al navegador web:<\/li>\n<li>Anar a prefer\u00e8ncies al men\u00fa del teu navegador.<\/li>\n<li>Feu clic a Mostra la configuraci\u00f3 avan\u00e7ada i despr\u00e9s feu clic a Configuraci\u00f3 de contingut.<\/li>\n<li>A Cookies, selecciona la teva opci\u00f3 preferida. Si voleu evitar que totes les galetes quedin emmagatzemades, feu clic a No permetre que es guardin dades dels llocs.<\/li>\n<li>Feu clic a Fet.<\/li>\n<li>Tanca la finestra.<\/li>\n<\/ul>\n<p><strong>Gesti\u00f3 de cookies en Safari<\/strong><\/p>\n<ul>\n<li>Com eliminar les galetes:<\/li>\n<li>Anar a Prefer\u00e8ncies en el men\u00fa del seu navegador.<\/li>\n<li>Feu clic a la pestanya Privacitat.<\/li>\n<li>Feu clic a Elimineu tots els dades dels llocs web i feu clic a Eliminar per eliminar totes les galetes.<\/li>\n<li>Tanca la finestra.<\/li>\n<li>Com evitar que les galetes s\u2019emmagatxemin en el seu navegador web:<\/li>\n<li>Anar a Prefer\u00e8ncies en el men\u00fa del vostre navegador<\/li>\n<li>Feu clic a la pestanya Privacitat.<\/li>\n<li>A Cookies i dades de llocs web selecciona la teva opci\u00f3 preferida. Si desitgeu evitar que totes les galetes quedin emmagatzemades, feu clic a Bloqueig sempre.<\/li>\n<li>Tanca la finestra.<\/li>\n<\/ul>\n<p><strong>Gesti\u00f3 de cookies en Mozilla Firefox<\/strong><\/p>\n<ul>\n<li>Com eliminar les galetes:<\/li>\n<li>Anar a Opcions al men\u00fa del vostre navegador.<\/li>\n<li>Feu clic a la pestanya Privacitat.<\/li>\n<li>Feu clic a Mostra les galetes.<\/li>\n<li>Selecciona les cookies que desitges eliminar i feu clic a Eliminar seleccionades. Feu clic a Eliminar totes si voleu eliminar totes les galetes a la vostra web.<\/li>\n<li>Tanca la finestra. Qualsevol canvi que hagueu fet es guardar\u00e0 autom\u00e0ticament.<\/li>\n<li>Com evitar que les galetes s&#8217;emmagatzemen a la vostra navegador web:<\/li>\n<li>Anar a Configuraci\u00f3 al men\u00fa del vostre navegador.<\/li>\n<li>Selecciona la pestanya Privacitat.<\/li>\n<li>En Historial, feu clic a Utilitza una configuraci\u00f3 personalitzada per a l&#8217;historial.<\/li>\n<li>Selecciona les teves opcions preferides en Permet cookies de llocs web. Si desitgeu evitar que totes les galetes s&#8217;aturin, desactiveu la casella Acceptar cookies de llocs web.<\/li>\n<li>Tanca la finestra. Qualsevol canvi que hagueu fet es guardar\u00e0 autom\u00e0ticament.<\/li>\n<\/ul>\n<p><strong>Gesti\u00f3 de cookies en Internet Explorer<\/strong><\/p>\n<ul>\n<li>Com eliminar les galetes:<\/li>\n<li>Anar a Eines (icona de roda dentada) al men\u00fa de la teva navegador.<\/li>\n<li>Feu clic a Propietats d&#8217;Internet.<\/li>\n<li>A la pestanya General &#8211; Historial de navegaci\u00f3, feu clic a Eliminar.<\/li>\n<li>Assegureu-vos de marcar l&#8217;opci\u00f3 Cookies i dades de llocs web.<\/li>\n<li>Feu clic a Eliminar.<\/li>\n<li>Feu clic a D&#8217;acord.<\/li>\n<li>Com evitar que les galetes s&#8217;emmagatzemen en la seva navegaci\u00f3 web:<\/li>\n<li>Anar a Eines (icona de roda dentada) al men\u00fa de la teva navegador.<\/li>\n<li>Feu clic a Opcions d&#8217;Internet i despr\u00e9s feu clic a la pestanya Privacitat.<\/li>\n<li>Moveu la barra deslizante al nivell desitjat. Si desitgeu evitar que totes les galetes quedin en llibertat, seleccioneu el nivell Bloquejar totes les galetes.<\/li>\n<li>Feu clic a D&#8217;acord.<\/li>\n<\/ul>\n<p><strong>Gesti\u00f3 de cookies en Opera<\/strong><\/p>\n<ul>\n<li>Com eliminar les galetes:<\/li>\n<li>Anar a Configuraci\u00f3 al men\u00fa del vostre navegador.<\/li>\n<li>Selecciona la pestanya de Privacitat i Seguretat.<\/li>\n<li>Feu clic a Cookies i despr\u00e9s feu clic a Totes les galetes i dades de llocs web.<\/li>\n<li>Selecciona les cookies que desitges eliminar i feu clic a Eliminar.<\/li>\n<li>Feu clic a Eliminar totes si voleu eliminar totes les galetes a la vostra web del navegador.<\/li>\n<li>Feu clic a Fet.<\/li>\n<li>Tanca la finestra.<\/li>\n<li>Com evitar que les galetes s&#8217;emmagatzemin al seu navegador web:<\/li>\n<li>aneu a Configuraci\u00f3 al men\u00fa de la vostra navegador.<\/li>\n<li>Selecciona la pestanya de Privacitat i Seguretat. En Cookies, selecciona la teva opci\u00f3 preferida. Si desitgeu evitar que totes les galetes quedin emmagatzemades, feu clic a No permetre que es guardin dades dels llocs.<\/li>\n<li>Tanqueu la finestra.<\/li>\n<\/ul>\n<p>Informaci\u00f3 de contacte Per obtenir m\u00e9s transpar\u00e8ncia, si teniu alguna pregunta relacionada amb l&#8217;\u00fas del local de la nostra web, poseu-vos en contacte amb nosaltres en hola@abzlighting.com, indicant en l&#8217;assumpte \u00abPol\u00edtica de cookies\u00bb<\/p>\n<!-- \/wp:paragraph -->\t\t\t\t\t\t<\/div>\n\t\t\t\t<\/div>\n\t\t\t\t\t<\/div>\n\t\t\t\t<\/div>\n\t\t\t\t<\/div>\n\t\t","protected":false},"excerpt":{"rendered":"<p>Informaci\u00f3 general de les galetes La confian\u00e7a del usuari \u00e9s important per a nosaltres, i per tant, a ABZ lighting<\/p>\n","protected":false},"author":1,"featured_media":0,"parent":0,"menu_order":0,"comment_status":"closed","ping_status":"open","template":"","meta":{"_monsterinsights_skip_tracking":false,"_monsterinsights_sitenote_active":false,"_monsterinsights_sitenote_note":"","_monsterinsights_sitenote_category":0,"footnotes":""},"class_list":["post-17362","page","type-page","status-publish","hentry"],"aioseo_notices":[],"jetpack_sharing_enabled":true,"_links":{"self":[{"href":"https:\/\/abzlighting.com\/es\/wp-json\/wp\/v2\/pages\/17362","targetHints":{"allow":["GET"]}}],"collection":[{"href":"https:\/\/abzlighting.com\/es\/wp-json\/wp\/v2\/pages"}],"about":[{"href":"https:\/\/abzlighting.com\/es\/wp-json\/wp\/v2\/types\/page"}],"author":[{"embeddable":true,"href":"https:\/\/abzlighting.com\/es\/wp-json\/wp\/v2\/users\/1"}],"replies":[{"embeddable":true,"href":"https:\/\/abzlighting.com\/es\/wp-json\/wp\/v2\/comments?post=17362"}],"version-history":[{"count":1,"href":"https:\/\/abzlighting.com\/es\/wp-json\/wp\/v2\/pages\/17362\/revisions"}],"predecessor-version":[{"id":17649,"href":"https:\/\/abzlighting.com\/es\/wp-json\/wp\/v2\/pages\/17362\/revisions\/17649"}],"wp:attachment":[{"href":"https:\/\/abzlighting.com\/es\/wp-json\/wp\/v2\/media?parent=17362"}],"curies":[{"name":"wp","href":"https:\/\/api.w.org\/{rel}","templated":true}]}}